{"id":352,"date":"2022-05-24T16:15:33","date_gmt":"2022-05-24T16:15:33","guid":{"rendered":"https:\/\/www.sirenenature.com\/es\/?page_id=352"},"modified":"2022-11-12T16:22:08","modified_gmt":"2022-11-12T16:22:08","slug":"u-lavendo","status":"publish","type":"page","link":"https:\/\/www.sirenenature.com\/es\/u-lavendo\/","title":{"rendered":"U Lavendo Esencial"},"content":{"rendered":"\n<figure class=\"wp-block-table is-style-stripes\"><table class=\"has-fixed-layout\"><tbody><tr><td class=\"has-text-align-left\" data-align=\"left\"><img class=\"wp-image-379\" style=\"width: 75px;\" src=\"http:\/\/www.sirenenature.com\/es\/wp-content\/uploads\/2022\/06\/Lavendo.png\" alt=\"\"><br><strong>Especialmente formulado para pieles normales o da\u00f1adas<\/strong><\/td><td><br>Para saber m\u00e1s sobre estos incre\u00edbles productos y sus ingredientes haga clic en las im\u00e1genes de arriba<\/td><\/tr><tr><td class=\"has-text-align-left\" data-align=\"left\"><\/td><td><\/td><\/tr><\/tbody><\/table><\/figure>\n\n\n\n<div class=\"wp-block-columns\">\n<div class=\"wp-block-column\">\n<p><strong data-rich-text-format-boundary=\"true\">Utiliz\u00e1ndolo solo<\/strong><br data-rich-text-line-break=\"true\">Despu\u00e9s de limpiar la piel, aplique una fina capa de aceite seg\u00fan su tipo de piel, en forma circular y deje que la piel se seque.<br data-rich-text-line-break=\"true\">Cuando se usa por la noche simplemente vete a dormir y deja que el aceite act\u00fae.<br data-rich-text-line-break=\"true\">Si se usa durante el d\u00eda, puede usar el maquillaje de su elecci\u00f3n.<br data-rich-text-line-break=\"true\">Es muy recomendable usar un protector solar si vas a estar expuesto a la luz solar.<\/p>\n<\/div>\n\n\n\n<div class=\"wp-block-column\">\n<p><strong data-rich-text-format-boundary=\"true\">Us\u00e1ndolo en combinaci\u00f3n con l&#8217;Eden Serum and Cream<\/strong><br data-rich-text-line-break=\"true\">Unta un poco de aceite en la palma de tu mano.<br data-rich-text-line-break=\"true\">A\u00f1ade una o dos gotas de l&#8217;Eden Age Degying Serum.<br data-rich-text-line-break=\"true\">Aplica el s\u00e9rum como lo haces normalmente extendiendo la mezcla haciendo c\u00edrculos sobre tu piel. Esto sellar\u00e1 humedad dentro de la piel y lograr\u00e1 el efecto antiarrugas y rejuvenecedor que buscamos.<\/p>\n<\/div>\n<\/div>\n\n\n\n<div class=\"wp-block-columns\">\n<div class=\"wp-block-column\">\n<h2 class=\"has-text-align-center\">Tienda USA<\/h2>\n\n\n\n<center><div id=\"product-component-1667057950390\"><\/div>\n<script type=\"text\/javascript\">\n\/*<![CDATA[*\/\n(function () {\n  var scriptURL = 'https:\/\/sdks.shopifycdn.com\/buy-button\/latest\/buy-button-storefront.min.js';\n  if (window.ShopifyBuy) {\n    if (window.ShopifyBuy.UI) {\n      ShopifyBuyInit();\n    } else {\n      loadScript();\n    }\n  } else {\n    loadScript();\n  }\n  function loadScript() {\n    var script = document.createElement('script');\n    script.async = true;\n    script.src = scriptURL;\n    (document.getElementsByTagName('head')[0] || document.getElementsByTagName('body')[0]).appendChild(script);\n    script.onload = ShopifyBuyInit;\n  }\n  function ShopifyBuyInit() {\n    var client = ShopifyBuy.buildClient({\n      domain: 'sirenenature.myshopify.com',\n      storefrontAccessToken: 'ed0706b02cf02b9c305665b9b9088691',\n    });\n    ShopifyBuy.UI.onReady(client).then(function (ui) {\n      ui.createComponent('product', {\n        id: '7712130564341',\n        node: document.getElementById('product-component-1667057950390'),\n        moneyFormat: '%7B%7Bamount_no_decimals%7D%7D',\n        options: {\n  \"product\": {\n    \"styles\": {\n      \"product\": {\n        \"@media (min-width: 601px)\": {\n          \"max-width\": \"calc(25% - 20px)\",\n          \"margin-left\": \"20px\",\n          \"margin-bottom\": \"50px\"\n        }\n      },\n      \"button\": {\n        \":hover\": {\n          \"background-color\": \"#a44e4e\"\n        },\n        \"background-color\": \"#b65757\",\n        \":focus\": {\n          \"background-color\": \"#a44e4e\"\n        }\n      }\n    },\n    \"contents\": {\n      \"img\": false,\n      \"title\": false,\n      \"price\": false\n    },\n    \"text\": {\n      \"button\": \"A\u00d1ADE A TU CESTA\"\n    }\n  },\n  \"productSet\": {\n    \"styles\": {\n      \"products\": {\n        \"@media (min-width: 601px)\": {\n          \"margin-left\": \"-20px\"\n        }\n      }\n    }\n  },\n  \"modalProduct\": {\n    \"contents\": {\n      \"img\": false,\n      \"imgWithCarousel\": true,\n      \"button\": false,\n      \"buttonWithQuantity\": true\n    },\n    \"styles\": {\n      \"product\": {\n        \"@media (min-width: 601px)\": {\n          \"max-width\": \"100%\",\n          \"margin-left\": \"0px\",\n          \"margin-bottom\": \"0px\"\n        }\n      },\n      \"button\": {\n        \":hover\": {\n          \"background-color\": \"#a44e4e\"\n        },\n        \"background-color\": \"#b65757\",\n        \":focus\": {\n          \"background-color\": \"#a44e4e\"\n        }\n      }\n    },\n    \"text\": {\n      \"button\": \"Add to cart\"\n    }\n  },\n  \"option\": {},\n  \"cart\": {\n    \"styles\": {\n      \"button\": {\n        \":hover\": {\n          \"background-color\": \"#a44e4e\"\n        },\n        \"background-color\": \"#b65757\",\n        \":focus\": {\n          \"background-color\": \"#a44e4e\"\n        }\n      }\n    },\n    \"text\": {\n      \"title\": \"Tu cesta\",\n      \"total\": \"Subtotal\",\n      \"empty\": \"Tu cesta est\u00e1 vac\u00eda\",\n      \"button\": \"COMPRAR\"\n    },\n    \"popup\": false\n  },\n  \"toggle\": {\n    \"styles\": {\n      \"toggle\": {\n        \"background-color\": \"#b65757\",\n        \":hover\": {\n          \"background-color\": \"#a44e4e\"\n        },\n        \":focus\": {\n          \"background-color\": \"#a44e4e\"\n        }\n      }\n    }\n  }\n},\n      });\n    });\n  }\n})();\n\/*]]>*\/\n<\/script><\/center>\n<\/div>\n\n\n\n<div class=\"wp-block-column\">\n<h2 class=\"has-text-align-center\">Tienda Espa\u00f1a<\/h2>\n\n\n\n<div class=\"wp-block-image\"><figure class=\"aligncenter size-large\"><a href=\"https:\/\/tienda.sirenenature.com\/product\/u-lavendo-esencial\/\" target=\"_blank\" rel=\"noopener\"><img loading=\"lazy\" width=\"250\" height=\"46\" src=\"http:\/\/www.sirenenature.com\/es\/wp-content\/uploads\/2022\/10\/Anade-a-tu-cesta-1-e1667256243507.png\" alt=\"\" class=\"wp-image-567\"\/><\/a><\/figure><\/div>\n<\/div>\n<\/div>\n","protected":false},"excerpt":{"rendered":"<p>Especialmente formulado para pieles normales o da\u00f1adas Para saber m\u00e1s sobre estos incre\u00edbles productos y sus ingredientes haga clic en las im\u00e1genes de arriba Utiliz\u00e1ndolo soloDespu\u00e9s de limpiar la piel, aplique una fina capa de aceite seg\u00fan su tipo de [&hellip;]<\/p>\n","protected":false},"author":1,"featured_media":0,"parent":0,"menu_order":0,"comment_status":"closed","ping_status":"closed","template":"page-templates\/page_fullwidth.php","meta":{"episode_type":"","audio_file":"","cover_image":"","cover_image_id":"","duration":"","filesize":"","date_recorded":"","explicit":"","block":"","filesize_raw":""},"_links":{"self":[{"href":"https:\/\/www.sirenenature.com\/es\/wp-json\/wp\/v2\/pages\/352"}],"collection":[{"href":"https:\/\/www.sirenenature.com\/es\/wp-json\/wp\/v2\/pages"}],"about":[{"href":"https:\/\/www.sirenenature.com\/es\/wp-json\/wp\/v2\/types\/page"}],"author":[{"embeddable":true,"href":"https:\/\/www.sirenenature.com\/es\/wp-json\/wp\/v2\/users\/1"}],"replies":[{"embeddable":true,"href":"https:\/\/www.sirenenature.com\/es\/wp-json\/wp\/v2\/comments?post=352"}],"version-history":[{"count":10,"href":"https:\/\/www.sirenenature.com\/es\/wp-json\/wp\/v2\/pages\/352\/revisions"}],"predecessor-version":[{"id":665,"href":"https:\/\/www.sirenenature.com\/es\/wp-json\/wp\/v2\/pages\/352\/revisions\/665"}],"wp:attachment":[{"href":"https:\/\/www.sirenenature.com\/es\/wp-json\/wp\/v2\/media?parent=352"}],"curies":[{"name":"wp","href":"https:\/\/api.w.org\/{rel}","templated":true}]}}