{"id":329,"date":"2022-05-23T18:26:02","date_gmt":"2022-05-23T18:26:02","guid":{"rendered":"https:\/\/www.sirenenature.com\/es\/?page_id=329"},"modified":"2022-11-01T01:43:33","modified_gmt":"2022-11-01T01:43:33","slug":"leden-mascarilla-rejuvenecedora","status":"publish","type":"page","link":"https:\/\/www.sirenenature.com\/es\/leden-mascarilla-rejuvenecedora\/","title":{"rendered":"l&#8217;Eden mascarilla rejuvenecedora"},"content":{"rendered":"\n<figure class=\"wp-block-table is-style-stripes\"><table><tbody><tr><td><img loading=\"lazy\" width=\"1500\" height=\"900\" class=\"wp-image-449\" style=\"width: 5000px;\" src=\"http:\/\/www.sirenenature.com\/es\/wp-content\/uploads\/2022\/08\/Mascarilla-con-ingredientes.png\" alt=\"\" srcset=\"https:\/\/www.sirenenature.com\/es\/wp-content\/uploads\/2022\/08\/Mascarilla-con-ingredientes.png 1500w, https:\/\/www.sirenenature.com\/es\/wp-content\/uploads\/2022\/08\/Mascarilla-con-ingredientes-300x180.png 300w, https:\/\/www.sirenenature.com\/es\/wp-content\/uploads\/2022\/08\/Mascarilla-con-ingredientes-1024x614.png 1024w, https:\/\/www.sirenenature.com\/es\/wp-content\/uploads\/2022\/08\/Mascarilla-con-ingredientes-768x461.png 768w, https:\/\/www.sirenenature.com\/es\/wp-content\/uploads\/2022\/08\/Mascarilla-con-ingredientes-700x420.png 700w, https:\/\/www.sirenenature.com\/es\/wp-content\/uploads\/2022\/08\/Mascarilla-con-ingredientes-520x312.png 520w, https:\/\/www.sirenenature.com\/es\/wp-content\/uploads\/2022\/08\/Mascarilla-con-ingredientes-360x216.png 360w, https:\/\/www.sirenenature.com\/es\/wp-content\/uploads\/2022\/08\/Mascarilla-con-ingredientes-250x150.png 250w, https:\/\/www.sirenenature.com\/es\/wp-content\/uploads\/2022\/08\/Mascarilla-con-ingredientes-100x60.png 100w, https:\/\/www.sirenenature.com\/es\/wp-content\/uploads\/2022\/08\/Mascarilla-con-ingredientes-1320x792.png 1320w, https:\/\/www.sirenenature.com\/es\/wp-content\/uploads\/2022\/08\/Mascarilla-con-ingredientes-24x14.png 24w, https:\/\/www.sirenenature.com\/es\/wp-content\/uploads\/2022\/08\/Mascarilla-con-ingredientes-36x22.png 36w, https:\/\/www.sirenenature.com\/es\/wp-content\/uploads\/2022\/08\/Mascarilla-con-ingredientes-48x29.png 48w\" sizes=\"(max-width: 1500px) 100vw, 1500px\" \/><\/td><td><strong>El poder de la naturaleza se ha reunido en esta botella protegida del aire para realzar tu belleza y hacer que tu piel luzca mucho m\u00e1s uniforme y juvenil.<\/strong><br>Algunos de los ingredientes estrella:<br>Carb\u00f3n activado,&nbsp;extracto de azucar org\u00e1nico, extracto org\u00e1nico de ar\u00e1ndano salvaje, extracto de azucar org\u00e1nico, piel de naranjas org\u00e1nicas, avena sativa, extracto de piel de lim\u00f3n org\u00e1nico, extracto org\u00e1nico de organic ar\u00e1ndano, aceite esencial de hojas de t\u00e9,&nbsp;<\/td><\/tr><tr><td><\/td><td><\/td><\/tr><tr><td>\u2022 Alto en vitamina A, D, C y antioxidantes<br>\u2022 Estira la piel y aclara naturalmente su tono<br>\u2022 Aumenta el col\u00e1geno en la piel<br>\u2022 Tiene potentes propiedades anti f\u00fangicas<br>\u2022 Ayuda a hidratar la piel<br>\u2022 Calma la piel sensible<br>\u2022 Ilumina la piel<br>\u2022 Act\u00faa como un elixir antienvejecimiento<br>\u2022 Act\u00faa como purificador de la piel<br>Ayuda a desvanecer las manchas oscuras<br>\u2022 Absorbe la suciedad y la grasa y regula la piel grasa<\/td><td>\u2022 Ayuda a reducir el enrojecimiento y la sequedad de la piel<br>\u2022 Reduce la aparici\u00f3n de arrugas y l\u00edneas finas<br>\u2022 Ayuda con las espinillas y el acn\u00e9 inflamatorio<br>\u2022 Ayuda a deshacerse de las manchas oscuras<br>\u2022 Desvanece la decoloraci\u00f3n y las imperfecciones<br>\u2022 Ayuda a eliminar la piel de impurezas no deseadas como puntos negros y puntos blancos<br>\u2022 Minimiza los poros<\/td><\/tr><\/tbody><\/table><\/figure>\n\n\n\n<p><strong>Recomendaciones de uso:<\/strong><br>Cada noche (1)<br>Aplicar una capa ligera de l&#8217;Eden Mascarilla &#8211; Rejuvenecedora en el rostro (tambi\u00e9n puede usarse en el cuello y escote)<br>Dejarla actuar por 20 a 30 minuto<br>Enjuagar primero con agua tibia y despu\u00e9s con agua fr\u00eda.<br>Secar con suavidad<br>Aplicar el resto de tratamiento (limpiadora, crema, serum y toner) l&#8217;Eden (2)<br><br>(1) Se puede usar en el d\u00eda pero es recomendable que sea usada en la noche. Si se usa en el d\u00eda, incluso despu\u00e9s de haberla retirado de la piel y de haber aplicado el resto del tratamiento l&#8217;Eden, es necesario usar bloqueador solar.<br>(2) Los d\u00edas que se use la crema exfoliante l&#8217;Eden, se recomienda no usar la mascarilla o usarla en otro momento del d\u00eda diferente a cuando se use la crema exfoliante<\/p>\n\n\n\n<div class=\"wp-block-columns\">\n<div class=\"wp-block-column\">\n<h2 class=\"has-text-align-center\">Tienda USA<\/h2>\n\n\n\n<center><div id=\"product-component-1667057808278\"><\/div>\n<script type=\"text\/javascript\">\n\/*<![CDATA[*\/\n(function () {\n  var scriptURL = 'https:\/\/sdks.shopifycdn.com\/buy-button\/latest\/buy-button-storefront.min.js';\n  if (window.ShopifyBuy) {\n    if (window.ShopifyBuy.UI) {\n      ShopifyBuyInit();\n    } else {\n      loadScript();\n    }\n  } else {\n    loadScript();\n  }\n  function loadScript() {\n    var script = document.createElement('script');\n    script.async = true;\n    script.src = scriptURL;\n    (document.getElementsByTagName('head')[0] || document.getElementsByTagName('body')[0]).appendChild(script);\n    script.onload = ShopifyBuyInit;\n  }\n  function ShopifyBuyInit() {\n    var client = ShopifyBuy.buildClient({\n      domain: 'sirenenature.myshopify.com',\n      storefrontAccessToken: 'ed0706b02cf02b9c305665b9b9088691',\n    });\n    ShopifyBuy.UI.onReady(client).then(function (ui) {\n      ui.createComponent('product', {\n        id: '7693444317429',\n        node: document.getElementById('product-component-1667057808278'),\n        moneyFormat: '%7B%7Bamount_no_decimals%7D%7D',\n        options: {\n  \"product\": {\n    \"styles\": {\n      \"product\": {\n        \"@media (min-width: 601px)\": {\n          \"max-width\": \"calc(25% - 20px)\",\n          \"margin-left\": \"20px\",\n          \"margin-bottom\": \"50px\"\n        }\n      },\n      \"button\": {\n        \":hover\": {\n          \"background-color\": \"#a44e4e\"\n        },\n        \"background-color\": \"#b65757\",\n        \":focus\": {\n          \"background-color\": \"#a44e4e\"\n        }\n      }\n    },\n    \"contents\": {\n      \"img\": false,\n      \"title\": false,\n      \"price\": false\n    },\n    \"text\": {\n      \"button\": \"A\u00d1ADE A TU CESTA\"\n    }\n  },\n  \"productSet\": {\n    \"styles\": {\n      \"products\": {\n        \"@media (min-width: 601px)\": {\n          \"margin-left\": \"-20px\"\n        }\n      }\n    }\n  },\n  \"modalProduct\": {\n    \"contents\": {\n      \"img\": false,\n      \"imgWithCarousel\": true,\n      \"button\": false,\n      \"buttonWithQuantity\": true\n    },\n    \"styles\": {\n      \"product\": {\n        \"@media (min-width: 601px)\": {\n          \"max-width\": \"100%\",\n          \"margin-left\": \"0px\",\n          \"margin-bottom\": \"0px\"\n        }\n      },\n      \"button\": {\n        \":hover\": {\n          \"background-color\": \"#a44e4e\"\n        },\n        \"background-color\": \"#b65757\",\n        \":focus\": {\n          \"background-color\": \"#a44e4e\"\n        }\n      }\n    },\n    \"text\": {\n      \"button\": \"Add to cart\"\n    }\n  },\n  \"option\": {},\n  \"cart\": {\n    \"styles\": {\n      \"button\": {\n        \":hover\": {\n          \"background-color\": \"#a44e4e\"\n        },\n        \"background-color\": \"#b65757\",\n        \":focus\": {\n          \"background-color\": \"#a44e4e\"\n        }\n      }\n    },\n    \"text\": {\n      \"title\": \"Tu cesta\",\n      \"total\": \"Subtotal\",\n      \"empty\": \"Tu cesta est\u00e1 vac\u00eda\",\n      \"button\": \"COMPRAR\"\n    },\n    \"popup\": false\n  },\n  \"toggle\": {\n    \"styles\": {\n      \"toggle\": {\n        \"background-color\": \"#b65757\",\n        \":hover\": {\n          \"background-color\": \"#a44e4e\"\n        },\n        \":focus\": {\n          \"background-color\": \"#a44e4e\"\n        }\n      }\n    }\n  }\n},\n      });\n    });\n  }\n})();\n\/*]]>*\/\n<\/script><\/center>\n<\/div>\n\n\n\n<div class=\"wp-block-column\">\n<h2 class=\"has-text-align-center\">Tienda Espa\u00f1a<\/h2>\n\n\n\n<div class=\"wp-block-image is-style-default\"><figure class=\"aligncenter size-large\"><a href=\"https:\/\/tienda.sirenenature.com\/product\/leden-mascarilla-rejuvenecedora\/\" target=\"_blank\" rel=\"noopener\"><img loading=\"lazy\" width=\"250\" height=\"46\" src=\"http:\/\/www.sirenenature.com\/es\/wp-content\/uploads\/2022\/10\/Anade-a-tu-cesta-1-e1667256243507.png\" alt=\"\" class=\"wp-image-567\"\/><\/a><\/figure><\/div>\n<\/div>\n<\/div>\n","protected":false},"excerpt":{"rendered":"<p>El poder de la naturaleza se ha reunido en esta botella protegida del aire para realzar tu belleza y hacer que tu piel luzca mucho m\u00e1s uniforme y juvenil.Algunos de los ingredientes estrella:Carb\u00f3n activado,&nbsp;extracto de azucar org\u00e1nico, extracto org\u00e1nico de [&hellip;]<\/p>\n","protected":false},"author":1,"featured_media":0,"parent":0,"menu_order":0,"comment_status":"closed","ping_status":"closed","template":"page-templates\/page_fullwidth.php","meta":{"episode_type":"","audio_file":"","cover_image":"","cover_image_id":"","duration":"","filesize":"","date_recorded":"","explicit":"","block":"","filesize_raw":""},"_links":{"self":[{"href":"https:\/\/www.sirenenature.com\/es\/wp-json\/wp\/v2\/pages\/329"}],"collection":[{"href":"https:\/\/www.sirenenature.com\/es\/wp-json\/wp\/v2\/pages"}],"about":[{"href":"https:\/\/www.sirenenature.com\/es\/wp-json\/wp\/v2\/types\/page"}],"author":[{"embeddable":true,"href":"https:\/\/www.sirenenature.com\/es\/wp-json\/wp\/v2\/users\/1"}],"replies":[{"embeddable":true,"href":"https:\/\/www.sirenenature.com\/es\/wp-json\/wp\/v2\/comments?post=329"}],"version-history":[{"count":9,"href":"https:\/\/www.sirenenature.com\/es\/wp-json\/wp\/v2\/pages\/329\/revisions"}],"predecessor-version":[{"id":593,"href":"https:\/\/www.sirenenature.com\/es\/wp-json\/wp\/v2\/pages\/329\/revisions\/593"}],"wp:attachment":[{"href":"https:\/\/www.sirenenature.com\/es\/wp-json\/wp\/v2\/media?parent=329"}],"curies":[{"name":"wp","href":"https:\/\/api.w.org\/{rel}","templated":true}]}}