{"id":21,"date":"2017-11-08T20:27:53","date_gmt":"2017-11-08T20:27:53","guid":{"rendered":"http:\/\/www.sirenenature.com\/es\/?page_id=21"},"modified":"2022-11-01T01:32:21","modified_gmt":"2022-11-01T01:32:21","slug":"crema-exfoliante","status":"publish","type":"page","link":"https:\/\/www.sirenenature.com\/es\/crema-exfoliante\/","title":{"rendered":"l&#8217;Eden. Crema Exfoliante"},"content":{"rendered":"<p style=\"text-align: center;\"><div id=\"mapplic-id168\" data-mapdata=\"{&quot;mapwidth&quot;:&quot;529&quot;,&quot;mapheight&quot;:&quot;317&quot;,&quot;minimap&quot;:false,&quot;clearbutton&quot;:false,&quot;zoombuttons&quot;:false,&quot;sidebar&quot;:false,&quot;search&quot;:false,&quot;hovertip&quot;:false,&quot;mousewheel&quot;:false,&quot;fullscreen&quot;:false,&quot;deeplinking&quot;:false,&quot;mapfill&quot;:false,&quot;zoom&quot;:false,&quot;alphabetic&quot;:false,&quot;zoomlimit&quot;:&quot;3&quot;,&quot;action&quot;:&quot;tooltip&quot;,&quot;categories&quot;:[],&quot;levels&quot;:[{&quot;id&quot;:&quot;elem exfl&quot;,&quot;title&quot;:&quot;Element exfol&quot;,&quot;map&quot;:&quot;http:\/\/www.sirenenature.com\/es\/wp-content\/uploads\/2017\/11\/Exfoliating-Elements.png&quot;,&quot;minimap&quot;:&quot;&quot;,&quot;locations&quot;:[{&quot;id&quot;:&quot;GJJB&quot;,&quot;title&quot;:&quot;Gentle Jojoba Beads&quot;,&quot;description&quot;:&quot;&lt;p&gt;Perlas suaves de Jojoba esters proporciona una suave exfoliaci&oacute;n sin estresar la piel.&lt;\/p&gt;&lt;ul&gt;&lt;li&gt;Limpiar y enjabonar sin dejar la piel grasa u obstruir los poros&lt;\/li&gt;&lt;li&gt;Reduce la p&eacute;rdida de agua trans-epid&eacute;rmica y preserva la hidrataci&oacute;n&lt;\/li&gt;&lt;li&gt;Ayuda a minimizar las l&iacute;neas finas y arrugas&lt;\/li&gt;&lt;li&gt;Equilibra la producci&oacute;n de grasa en la piel.&lt;\/li&gt;&lt;li&gt;Promueve la flexibilidad y elasticidad de la piel.&lt;\/li&gt;&lt;li&gt;Suficientemente suave para piel fina, piel inflamada o piel da&ntilde;ada&lt;\/li&gt;&lt;\/ul&gt;&quot;,&quot;pin&quot;:&quot;pin-ribbon pin-label&quot;,&quot;label&quot;:&quot;Gentle Jojoba Beads&quot;,&quot;fill&quot;:&quot;#03960f&quot;,&quot;category&quot;:&quot;false&quot;,&quot;action&quot;:&quot;lightbox&quot;,&quot;x&quot;:&quot;0.4379&quot;,&quot;y&quot;:&quot;0.8405&quot;},{&quot;id&quot;:&quot;EdP&quot;,&quot;title&quot;:&quot;Extracto de Papaya&quot;,&quot;description&quot;:&quot;&lt;p&gt;Crist&oacute;bal Col&oacute;n, el famoso navegante, llam&oacute; a la papaya \\&quot;El Fruto de los &Aacute;ngeles\\&quot; despu&eacute;s de descubrir su sabor exquisito, consistencia mantecosa suave y textura rica. Los beneficios de la Papaya para su piel es popular en todo el mundo y por buenas razones.&lt;\/p&gt;&lt;ul&gt;&lt;li&gt;Es rico en vitaminas A, C, E y K, y tiene propiedades antioxidantes.&lt;\/li&gt;&lt;li&gt;Tambi&eacute;n contiene magnesio, potasio, niacina, caroteno, prote&iacute;na, fibra y una enzima llamada papa&iacute;na que proporciona muchos beneficios.&lt;\/li&gt;&lt;\/ul&gt;&lt;p&gt;Algunos beneficios de belleza en la papaya.&lt;\/p&gt;&lt;ul&gt;&lt;li&gt;Ilumina el tez de la piel: Contiene propiedades naturales de blanqueo.&lt;\/li&gt;&lt;li&gt;Las propiedades de limpieza ayudan a limpiar la piel de las impurezas.&lt;\/li&gt;&lt;li&gt;La vitamina C en ella tambi&eacute;n ayuda a proteger las c&eacute;lulas de la piel contra el da&ntilde;o solar.&lt;\/li&gt;&lt;li&gt;Hidrata la piel: La papaya es rica en contenido de agua que ayuda a mantener la piel suave e hidratada.&lt;\/li&gt;&lt;li&gt;Mantiene a raya los signos de envejecimiento: La vitamina A en la papaya ayuda a eliminar las c&eacute;lulas muertas de la piel y mantiene la piel suave y flexible.&lt;\/li&gt;&lt;li&gt;Los &aacute;cidos alfa hidroxilo ayudan a disolver las c&eacute;lulas muertas de la piel para prevenir los signos de envejecimiento, como arrugas y l&iacute;neas finas.&lt;\/li&gt;&lt;li&gt;Las vitaminas C y E de la papaya rejuvenecen la piel para ayudarle a disfrutar de una piel de apariencia m&aacute;s joven.&lt;\/li&gt;&lt;li&gt;La papaya tambi&eacute;n es beneficiosa para minimizar las manchas de la piel y eliminar el obscurecimiento de la piel debido a las varias enzimas que contiene.&lt;\/li&gt;&lt;li&gt;Trata las arrugas y disminuye las patas de gallo por sus&nbsp;propiedades antioxidantes alrededor de las esquinas exteriores de los ojos, as&iacute; como arrugas alrededor de la boca o la frente.&lt;\/li&gt;&lt;li&gt;Adem&aacute;s, la vitamina C en la papaya ayuda a luchar contra los radicales libres que da&ntilde;an el col&aacute;geno y la elastina de la piel.&lt;\/li&gt;&lt;\/ul&gt;&quot;,&quot;pin&quot;:&quot;pin-ribbon pin-label&quot;,&quot;label&quot;:&quot;Extracto de Papaya&quot;,&quot;fill&quot;:&quot;#03960f&quot;,&quot;category&quot;:&quot;false&quot;,&quot;action&quot;:&quot;lightbox&quot;,&quot;x&quot;:&quot;0.6332&quot;,&quot;y&quot;:&quot;0.6786&quot;},{&quot;id&quot;:&quot;EAO&quot;,&quot;title&quot;:&quot;Extracto deAr&aacute;ndano Org&aacute;nico&quot;,&quot;description&quot;:&quot;&lt;p&gt;El extracto de ar&aacute;ndano org&aacute;nico en l&#039;Eden, crema exfoliante ofrece muchos beneficios para la piel:&lt;\/p&gt;&lt;ul&gt;&lt;li&gt;Hidrata y aclara la piel.&lt;\/li&gt;&lt;li&gt;Es eficaz en el tratamiento de las arrugas que se causan principalmente debido a los radicales libres.&lt;\/li&gt;&lt;li&gt;Tiene propiedades anti-envejecimiento: Con su alta concentraci&oacute;n de antioxidantes, vitaminas C, B3 y B5, los protege contra cualquier da&ntilde;o causado por factores ambientales.&lt;\/li&gt;&lt;li&gt;Los radicales libres presentes en el medio ambiente son responsables de la formaci&oacute;n de arrugas, enrojecimiento, pigmentaci&oacute;n y l&iacute;neas finas en la piel.&lt;\/li&gt;&lt;li&gt;Los antioxidantes en el jugo de ar&aacute;ndano combaten los radicales libres al suministrar los electrones perdidos, reduciendo el da&ntilde;o causado y ralentizando el proceso de envejecimiento.&lt;\/li&gt;&lt;li&gt;Act&uacute;a como un t&oacute;nico: La naturaleza &aacute;cida del jugo de ar&aacute;ndano tambi&eacute;n ayuda a las personas con piel grasa.&lt;\/li&gt;&lt;li&gt;Las enzimas presentes en esta fruta exfolian la piel muerta y desatascan las gl&aacute;ndulas seb&aacute;ceas que previenen la formaci&oacute;n de sebo.&lt;\/li&gt;&lt;li&gt;La vitamina C en el jugo de ar&aacute;ndano es crucial para la producci&oacute;n de hidroxiprolina e hidroxilisina, los amino&aacute;cidos que son necesarios para la producci&oacute;n de col&aacute;geno en el cuerpo.&lt;\/li&gt;&lt;li&gt;El col&aacute;geno ayuda a que los vasos sangu&iacute;neos bajo la piel transporten ox&iacute;geno y otros nutrientes que, a su vez, ablandan y endurecen la piel y la hacen parecer joven y radiante.&lt;\/li&gt;&lt;\/ul&gt;&lt;p&gt;Ofrece una amplia protecci&oacute;n contra las duras condiciones clim&aacute;ticas del invierno, ya que su uso ayudar&aacute; a mantener la piel suave y flexible incluso durante los inviernos.&lt;\/p&gt;&quot;,&quot;pin&quot;:&quot;pin-ribbon pin-label&quot;,&quot;label&quot;:&quot;Extracto de Ar&aacute;ndano Org&aacute;nico&quot;,&quot;fill&quot;:&quot;#03960f&quot;,&quot;category&quot;:&quot;false&quot;,&quot;action&quot;:&quot;lightbox&quot;,&quot;x&quot;:&quot;0.7488&quot;,&quot;y&quot;:&quot;0.5095&quot;},{&quot;id&quot;:&quot;EdP&quot;,&quot;title&quot;:&quot;Extracto de Pi&ntilde;a&quot;,&quot;description&quot;:&quot;&lt;p&gt;Las pi&ntilde;as son una fruta tropical que se presentan con una amplia gama de beneficios de belleza.&lt;\/p&gt;&lt;ul&gt;&lt;li&gt;Prevenci&oacute;n de Da&ntilde;o Radical Libre: Pi&ntilde;as est&aacute;n llenas de antioxidantes importantes y estos trabajan para prevenir el da&ntilde;o celular en el cuerpo mediante la lucha contra los radicales libres.&lt;\/li&gt;&lt;li&gt;Protege la piel de la hinchaz&oacute;n y la irritaci&oacute;n&lt;br \/&gt; Apariencia m&aacute;s joven de la piel: Lucir m&aacute;s joven es una meta que todos compartimos y la pi&ntilde;a puede pueden ayudarle a alcanzar esta meta.&lt;\/li&gt;&lt;li&gt;Esta fruta ayuda a mantener la piel flexible y firme porque aumenta la s&iacute;ntesis de col&aacute;geno.&lt;\/li&gt;&lt;li&gt;Contiene vitamina C y amino&aacute;cidos y todos &eacute;stos nutrientes son los mejores amigos de su piel.&lt;\/li&gt;&lt;li&gt;Exfoliar su piel: Exfoliaci&oacute;n elimina las c&eacute;lulas muertas de la piel y asegura que su piel es brillante y brillante.&lt;\/li&gt;&lt;li&gt;Hidrataci&oacute;n de la piel: La piel apagada nunca se ve bien por lo que siempre quiere asegurarse de que tiene la hidrataci&oacute;n adecuada.&lt;\/li&gt;&lt;\/ul&gt;&quot;,&quot;pin&quot;:&quot;pin-ribbon pin-label&quot;,&quot;label&quot;:&quot;Extracto de Pi&ntilde;a&quot;,&quot;fill&quot;:&quot;#03960f&quot;,&quot;category&quot;:&quot;false&quot;,&quot;action&quot;:&quot;lightbox&quot;,&quot;x&quot;:&quot;0.2082&quot;,&quot;y&quot;:&quot;0.6048&quot;},{&quot;id&quot;:&quot;AOO&quot;,&quot;title&quot;:&quot;Aceite de Oliva Org&aacute;nico&quot;,&quot;description&quot;:&quot;&lt;p&gt;El aceite de oliva org&aacute;nico de l&#039;Eden, crema exfoliante ofrece incre&iacute;bles beneficios para su piel:&lt;\/p&gt;&lt;ul&gt;&lt;li&gt;Protecci&oacute;n Antioxidante: Antioxidantes: vitamina E, polifenoles y fitoesteroles. Los antioxidantes, cuando se aplican t&oacute;picamente, pueden ayudar a proteger la piel contra el envejecimiento prematuro de la piel.&lt;\/li&gt;&lt;li&gt;La vitamina E en parte explica los beneficios anti-envejecimiento del aceite de oliva, ya que ayuda a restaurar la suavidad de la piel y protege contra la luz ultravioleta.&lt;\/li&gt;&lt;li&gt;Hydroxytyrosol, un compuesto que se encuentra en el aceite de oliva, tambi&eacute;n previene el da&ntilde;o de los radicales libres a la piel.&lt;\/li&gt;&lt;li&gt;No obstruye los poros: El aceite de oliva org&aacute;nico penetra profundamente en la piel mientras que proporciona un efecto limpiador.&lt;\/li&gt;&lt;li&gt;Mejora la exfoliaci&oacute;n: Un gran beneficio para la piel es su utilidad en aplicaciones exfoliantes. Las cualidades abrasivas suaves de las jollas de jojoba, combinadas con la acci&oacute;n profunda y penetrante del aceite, eliminan las c&eacute;lulas muertas de la piel y dejan la epidermis luciendo renovada y brillante.&lt;\/li&gt;&lt;\/ul&gt;&quot;,&quot;pin&quot;:&quot;pin-ribbon pin-label&quot;,&quot;fill&quot;:&quot;#03960f&quot;,&quot;category&quot;:&quot;false&quot;,&quot;action&quot;:&quot;lightbox&quot;,&quot;x&quot;:&quot;0.6284&quot;,&quot;y&quot;:&quot;0.3923&quot;,&quot;label&quot;:&quot;Aceite Oliva Org&aacute;nico&quot;},{&quot;id&quot;:&quot;CdN&quot;,&quot;title&quot;:&quot;C&aacute;scara de naranja&quot;,&quot;description&quot;:&quot;&lt;p&gt;La c&aacute;scara de naranja es un aliado poderoso para la piel de su rostro:&lt;\/p&gt;&lt;ul&gt;&lt;li&gt;Limpia espinillas&lt;\/li&gt;&lt;li&gt;Elimina las c&eacute;lulas muertas&lt;\/li&gt;&lt;li&gt;Limpia los poros, las imperfecciones y las ojeras.&lt;\/li&gt;&lt;li&gt;Hidrata la piel seca y aclara tu rostro.&lt;\/li&gt;&lt;\/ul&gt;&quot;,&quot;pin&quot;:&quot;pin-ribbon pin-label&quot;,&quot;label&quot;:&quot;C&aacute;scara de naranja&quot;,&quot;fill&quot;:&quot;#03960f&quot;,&quot;category&quot;:&quot;false&quot;,&quot;action&quot;:&quot;lightbox&quot;,&quot;x&quot;:&quot;0.3451&quot;,&quot;y&quot;:&quot;0.6738&quot;},{&quot;id&quot;:&quot;EsA&quot;,&quot;title&quot;:&quot;Envase sin aire&quot;,&quot;description&quot;:&quot;&lt;p&gt;La crema exfoliante de l&#039;Eden se presenta en un tarro sin aire, para preservar la calidad y eficacia de la crema dejando el aire fuera.&lt;\/p&gt;&quot;,&quot;pin&quot;:&quot;pin-ribbon pin-label&quot;,&quot;label&quot;:&quot;Envase sin aire&quot;,&quot;fill&quot;:&quot;#03960f&quot;,&quot;category&quot;:&quot;false&quot;,&quot;action&quot;:&quot;lightbox&quot;,&quot;x&quot;:&quot;0.4050&quot;,&quot;y&quot;:&quot;0.2619&quot;}]}],&quot;maxscale&quot;:3,&quot;zoomoutclose&quot;:true,&quot;fillcolor&quot;:&quot;&quot;,&quot;topLat&quot;:&quot;&quot;,&quot;leftLng&quot;:&quot;&quot;,&quot;bottomLat&quot;:&quot;&quot;,&quot;rightLng&quot;:&quot;&quot;}\"><\/div>\n<table style=\"height: 113px;\" width=\"971\">\n<tbody>\n<tr>\n<td style=\"text-align: center;\" colspan=\"2\" width=\"638\">&nbsp;<\/td>\n<\/tr>\n<tr>\n<td width=\"319\"><strong style=\"font-family: inherit; font-size: inherit;\">Usando l&#8217;Eden, crema exfoliante en casa<\/strong><p><\/p>\n<ul>\n<li>Utilice este producto cada dos o tres d\u00edas despu\u00e9s de la limpieza.<\/li>\n<li>Tome una cantidad del tama\u00f1o de un garbanzo en la punta de los dedos y fr\u00f3telos suavemente entre si.<\/li>\n<li>Suavemente masajee con movimientos circulares hacia arriba en la cara evitando el \u00e1rea de los ojos. No olvide su cuello y escote.<\/li>\n<li>Enjuague bien con agua tibia y s\u00e9quela, sin frotar, con una toalla limpia y suave.<\/li>\n<li>Contin\u00fae al paso siguiente con l&#8217;Eden. T\u00f3ner Antiedad.<\/li>\n<\/ul>\n<\/td>\n<td width=\"319\"><strong style=\"font-family: inherit; font-size: inherit;\">Usando l&#8217;Eden, crema exfoliante en un spa<\/strong><p><\/p>\n<ul>\n<li>Limpie profusamente la piel de su cliente.<\/li>\n<li>Aplique el exfoliante con las manos mojadas.<\/li>\n<li>Puede elegir usar este exfoliante acompa\u00f1ado de vapor.<\/li>\n<li>Masajee el producto uniformemente sobre la cara, el cuello y el escote del cliente, concentr\u00e1ndose en las \u00e1reas que m\u00e1s lo necesiten.<\/li>\n<li>Elimine todos los rastros de exfoliante con esponjas h\u00famedas templadas o toallas.<\/li>\n<\/ul>\n<\/td>\n<\/tr>\n<\/tbody>\n<\/table>\n\n\n<div class=\"wp-block-columns\">\n<div class=\"wp-block-column\">\n<h2 class=\"has-text-align-center\">Tienda USA<\/h2>\n\n\n\n<center><div id=\"product-component-1667057717026\"><\/div>\n<script type=\"text\/javascript\">\n\/*<![CDATA[*\/\n(function () {\n  var scriptURL = 'https:\/\/sdks.shopifycdn.com\/buy-button\/latest\/buy-button-storefront.min.js';\n  if (window.ShopifyBuy) {\n    if (window.ShopifyBuy.UI) {\n      ShopifyBuyInit();\n    } else {\n      loadScript();\n    }\n  } else {\n    loadScript();\n  }\n  function loadScript() {\n    var script = document.createElement('script');\n    script.async = true;\n    script.src = scriptURL;\n    (document.getElementsByTagName('head')[0] || document.getElementsByTagName('body')[0]).appendChild(script);\n    script.onload = ShopifyBuyInit;\n  }\n  function ShopifyBuyInit() {\n    var client = ShopifyBuy.buildClient({\n      domain: 'sirenenature.myshopify.com',\n      storefrontAccessToken: 'ed0706b02cf02b9c305665b9b9088691',\n    });\n    ShopifyBuy.UI.onReady(client).then(function (ui) {\n      ui.createComponent('product', {\n        id: '7693425672437',\n        node: document.getElementById('product-component-1667057717026'),\n        moneyFormat: '%7B%7Bamount_no_decimals%7D%7D',\n        options: {\n  \"product\": {\n    \"styles\": {\n      \"product\": {\n        \"@media (min-width: 601px)\": {\n          \"max-width\": \"calc(25% - 20px)\",\n          \"margin-left\": \"20px\",\n          \"margin-bottom\": \"50px\"\n        }\n      },\n      \"button\": {\n        \":hover\": {\n          \"background-color\": \"#a44e4e\"\n        },\n        \"background-color\": \"#b65757\",\n        \":focus\": {\n          \"background-color\": \"#a44e4e\"\n        }\n      }\n    },\n    \"contents\": {\n      \"img\": false,\n      \"title\": false,\n      \"price\": false\n    },\n    \"text\": {\n      \"button\": \"A\u00d1ADE A TU CESTA\"\n    }\n  },\n  \"productSet\": {\n    \"styles\": {\n      \"products\": {\n        \"@media (min-width: 601px)\": {\n          \"margin-left\": \"-20px\"\n        }\n      }\n    }\n  },\n  \"modalProduct\": {\n    \"contents\": {\n      \"img\": false,\n      \"imgWithCarousel\": true,\n      \"button\": false,\n      \"buttonWithQuantity\": true\n    },\n    \"styles\": {\n      \"product\": {\n        \"@media (min-width: 601px)\": {\n          \"max-width\": \"100%\",\n          \"margin-left\": \"0px\",\n          \"margin-bottom\": \"0px\"\n        }\n      },\n      \"button\": {\n        \":hover\": {\n          \"background-color\": \"#a44e4e\"\n        },\n        \"background-color\": \"#b65757\",\n        \":focus\": {\n          \"background-color\": \"#a44e4e\"\n        }\n      }\n    },\n    \"text\": {\n      \"button\": \"Add to cart\"\n    }\n  },\n  \"option\": {},\n  \"cart\": {\n    \"styles\": {\n      \"button\": {\n        \":hover\": {\n          \"background-color\": \"#a44e4e\"\n        },\n        \"background-color\": \"#b65757\",\n        \":focus\": {\n          \"background-color\": \"#a44e4e\"\n        }\n      }\n    },\n    \"text\": {\n      \"title\": \"Tu cesta\",\n      \"total\": \"Subtotal\",\n      \"empty\": \"Tu cesta est\u00e1 vac\u00eda\",\n      \"button\": \"COMPRAR\"\n    },\n    \"popup\": false\n  },\n  \"toggle\": {\n    \"styles\": {\n      \"toggle\": {\n        \"background-color\": \"#b65757\",\n        \":hover\": {\n          \"background-color\": \"#a44e4e\"\n        },\n        \":focus\": {\n          \"background-color\": \"#a44e4e\"\n        }\n      }\n    }\n  }\n},\n      });\n    });\n  }\n})();\n\/*]]>*\/\n<\/script><\/center>\n<\/div>\n\n\n\n<div class=\"wp-block-column\">\n<h2 class=\"has-text-align-center\">Tienda Espa\u00f1a<\/h2>\n\n\n\n<div class=\"wp-block-image\"><figure class=\"aligncenter size-large\"><a href=\"https:\/\/tienda.sirenenature.com\/product\/leden-crema-exfoliante\/\" target=\"_blank\" rel=\"noopener\"><img loading=\"lazy\" width=\"250\" height=\"46\" src=\"http:\/\/www.sirenenature.com\/es\/wp-content\/uploads\/2022\/10\/Anade-a-tu-cesta-1-e1667256243507.png\" alt=\"\" class=\"wp-image-567\"\/><\/a><\/figure><\/div>\n<\/div>\n<\/div>\n","protected":false},"excerpt":{"rendered":"<p>&nbsp; Usando l&#8217;Eden, crema exfoliante en casa Utilice este producto cada dos o tres d\u00edas despu\u00e9s de la limpieza. Tome una cantidad del tama\u00f1o de un garbanzo en la punta de los dedos y fr\u00f3telos suavemente entre si. Suavemente masajee [&hellip;]<\/p>\n","protected":false},"author":1,"featured_media":0,"parent":0,"menu_order":0,"comment_status":"closed","ping_status":"closed","template":"page-templates\/page_fullwidth.php","meta":{"episode_type":"","audio_file":"","cover_image":"","cover_image_id":"","duration":"","filesize":"","date_recorded":"","explicit":"","block":"","filesize_raw":""},"_links":{"self":[{"href":"https:\/\/www.sirenenature.com\/es\/wp-json\/wp\/v2\/pages\/21"}],"collection":[{"href":"https:\/\/www.sirenenature.com\/es\/wp-json\/wp\/v2\/pages"}],"about":[{"href":"https:\/\/www.sirenenature.com\/es\/wp-json\/wp\/v2\/types\/page"}],"author":[{"embeddable":true,"href":"https:\/\/www.sirenenature.com\/es\/wp-json\/wp\/v2\/users\/1"}],"replies":[{"embeddable":true,"href":"https:\/\/www.sirenenature.com\/es\/wp-json\/wp\/v2\/comments?post=21"}],"version-history":[{"count":10,"href":"https:\/\/www.sirenenature.com\/es\/wp-json\/wp\/v2\/pages\/21\/revisions"}],"predecessor-version":[{"id":586,"href":"https:\/\/www.sirenenature.com\/es\/wp-json\/wp\/v2\/pages\/21\/revisions\/586"}],"wp:attachment":[{"href":"https:\/\/www.sirenenature.com\/es\/wp-json\/wp\/v2\/media?parent=21"}],"curies":[{"name":"wp","href":"https:\/\/api.w.org\/{rel}","templated":true}]}}