{"id":15,"date":"2017-11-08T20:26:27","date_gmt":"2017-11-08T20:26:27","guid":{"rendered":"http:\/\/www.sirenenature.com\/es\/?page_id=15"},"modified":"2022-11-01T01:33:59","modified_gmt":"2022-11-01T01:33:59","slug":"leden-serum-antiedad","status":"publish","type":"page","link":"https:\/\/www.sirenenature.com\/es\/leden-serum-antiedad\/","title":{"rendered":"l&#8217;Eden. Serum Antiedad"},"content":{"rendered":"<p><\/p>\n<table style=\"height: 105px;\" width=\"987\">\n<tbody>\n<tr>\n<td width=\"350\"><img loading=\"lazy\" class=\" wp-image-117 alignleft\" src=\"http:\/\/www.sirenenature.com\/es\/wp-content\/uploads\/2017\/11\/Serum-1-83x300.png\" alt=\"\" width=\"69\" height=\"249\" srcset=\"https:\/\/www.sirenenature.com\/es\/wp-content\/uploads\/2017\/11\/Serum-1-83x300.png 83w, https:\/\/www.sirenenature.com\/es\/wp-content\/uploads\/2017\/11\/Serum-1-250x903.png 250w, https:\/\/www.sirenenature.com\/es\/wp-content\/uploads\/2017\/11\/Serum-1-100x361.png 100w, https:\/\/www.sirenenature.com\/es\/wp-content\/uploads\/2017\/11\/Serum-1.png 263w\" sizes=\"(max-width: 69px) 100vw, 69px\" \/>l&#8217;Eden: Serum antiedad, est\u00e1 formulado con ingredientes que Madre Naturaleza utiliza para proporcionar la longevidad de las c\u00e9lulas, combatir los radicales libres y detener los procesos de oxidaci\u00f3n.<br>Su f\u00f3rmula, rica en elementos nutrientes y regeneradores,&nbsp;tales como las algas marinas y el hialuronato de sodio, favorece la regeneraci\u00f3n de la piel y ayuda a minimizar las arrugas y las marcas t\u00edpicas de edad.<br>Al contener una gran concentraci\u00f3n de hialuronato de sodio, el suero penetra r\u00e1pidamente en la piel rejuveneci\u00e9ndola y haciendo que se vea y se sienta m\u00e1s joven y radiante que nunca.<br>l&#8217;Eden dispone de los elementos que usted necesita para verse y sentirse joven y radiante y est\u00e1 dise\u00f1ado utilizando solamente productos naturales que&nbsp;son incre\u00edblemente poderosos y beneficiosos para su pie adem\u00e1s de cuidar y proteger el medio ambiente.<br>Los componentes utilizados en l&#8217;Eden, Serum antiedad, son todos veganos (de procedencia vegetal). No se han realizado ensayos en animales y no contiene ingredientes de origen animal.<\/td>\n<td width=\"152\">\n<h5 style=\"text-align: center;\">&nbsp;<\/h5>\n<h5 style=\"text-align: center;\">&#8212;&#8212;&#8212;&#8212;&#8212;&#8212;&#8212;&#8212;&#8212;&#8212;&#8212;&#8212;&#8212;&#8212;&#8212;&#8212;&#8212;&#8212;&#8212;-<\/h5>\n<p><img loading=\"lazy\" class=\"wp-image-118 alignright\" src=\"http:\/\/www.sirenenature.com\/es\/wp-content\/uploads\/2017\/11\/Serum-2-78x300.png\" alt=\"\" width=\"49\" height=\"188\" srcset=\"https:\/\/www.sirenenature.com\/es\/wp-content\/uploads\/2017\/11\/Serum-2-78x300.png 78w, https:\/\/www.sirenenature.com\/es\/wp-content\/uploads\/2017\/11\/Serum-2-267x1024.png 267w, https:\/\/www.sirenenature.com\/es\/wp-content\/uploads\/2017\/11\/Serum-2-250x959.png 250w, https:\/\/www.sirenenature.com\/es\/wp-content\/uploads\/2017\/11\/Serum-2-100x384.png 100w, https:\/\/www.sirenenature.com\/es\/wp-content\/uploads\/2017\/11\/Serum-2.png 287w\" sizes=\"(max-width: 49px) 100vw, 49px\" \/><\/p>\n<h5>El dise\u00f1o revolucionario sin aire de la botella, impide la&nbsp;entrada de&nbsp;aire y que \u00e9ste se mezcle con el producto,<\/h5>\n<h5>por lo que la f\u00f3rmula se mantiene fresca y libre de contaminantes.<\/h5>\n<\/td>\n<\/tr>\n<tr>\n<td width=\"152\">&nbsp;<\/td>\n<td width=\"152\">&nbsp;<\/td>\n<\/tr>\n<\/tbody>\n<\/table>\n\n\n<div class=\"wp-block-columns\">\n<div class=\"wp-block-column\">\n<h2 class=\"has-text-align-center\">Tienda USA<\/h2>\n\n\n\n<center><div id=\"product-component-1667057538939\"><\/div>\n<script type=\"text\/javascript\">\n\/*<![CDATA[*\/\n(function () {\n  var scriptURL = 'https:\/\/sdks.shopifycdn.com\/buy-button\/latest\/buy-button-storefront.min.js';\n  if (window.ShopifyBuy) {\n    if (window.ShopifyBuy.UI) {\n      ShopifyBuyInit();\n    } else {\n      loadScript();\n    }\n  } else {\n    loadScript();\n  }\n  function loadScript() {\n    var script = document.createElement('script');\n    script.async = true;\n    script.src = scriptURL;\n    (document.getElementsByTagName('head')[0] || document.getElementsByTagName('body')[0]).appendChild(script);\n    script.onload = ShopifyBuyInit;\n  }\n  function ShopifyBuyInit() {\n    var client = ShopifyBuy.buildClient({\n      domain: 'sirenenature.myshopify.com',\n      storefrontAccessToken: 'ed0706b02cf02b9c305665b9b9088691',\n    });\n    ShopifyBuy.UI.onReady(client).then(function (ui) {\n      ui.createComponent('product', {\n        id: '7693363642613',\n        node: document.getElementById('product-component-1667057538939'),\n        moneyFormat: '%7B%7Bamount_no_decimals%7D%7D',\n        options: {\n  \"product\": {\n    \"styles\": {\n      \"product\": {\n        \"@media (min-width: 601px)\": {\n          \"max-width\": \"calc(25% - 20px)\",\n          \"margin-left\": \"20px\",\n          \"margin-bottom\": \"50px\"\n        }\n      },\n      \"button\": {\n        \":hover\": {\n          \"background-color\": \"#a44e4e\"\n        },\n        \"background-color\": \"#b65757\",\n        \":focus\": {\n          \"background-color\": \"#a44e4e\"\n        }\n      }\n    },\n    \"contents\": {\n      \"img\": false,\n      \"title\": false,\n      \"price\": false\n    },\n    \"text\": {\n      \"button\": \"A\u00d1ADE A TU CESTA\"\n    }\n  },\n  \"productSet\": {\n    \"styles\": {\n      \"products\": {\n        \"@media (min-width: 601px)\": {\n          \"margin-left\": \"-20px\"\n        }\n      }\n    }\n  },\n  \"modalProduct\": {\n    \"contents\": {\n      \"img\": false,\n      \"imgWithCarousel\": true,\n      \"button\": false,\n      \"buttonWithQuantity\": true\n    },\n    \"styles\": {\n      \"product\": {\n        \"@media (min-width: 601px)\": {\n          \"max-width\": \"100%\",\n          \"margin-left\": \"0px\",\n          \"margin-bottom\": \"0px\"\n        }\n      },\n      \"button\": {\n        \":hover\": {\n          \"background-color\": \"#a44e4e\"\n        },\n        \"background-color\": \"#b65757\",\n        \":focus\": {\n          \"background-color\": \"#a44e4e\"\n        }\n      }\n    },\n    \"text\": {\n      \"button\": \"Add to cart\"\n    }\n  },\n  \"option\": {},\n  \"cart\": {\n    \"styles\": {\n      \"button\": {\n        \":hover\": {\n          \"background-color\": \"#a44e4e\"\n        },\n        \"background-color\": \"#b65757\",\n        \":focus\": {\n          \"background-color\": \"#a44e4e\"\n        }\n      }\n    },\n    \"text\": {\n      \"title\": \"Tu cesta\",\n      \"total\": \"Subtotal\",\n      \"empty\": \"Tu cesta est\u00e1 vac\u00eda\",\n      \"button\": \"COMPRAR\"\n    },\n    \"popup\": false\n  },\n  \"toggle\": {\n    \"styles\": {\n      \"toggle\": {\n        \"background-color\": \"#b65757\",\n        \":hover\": {\n          \"background-color\": \"#a44e4e\"\n        },\n        \":focus\": {\n          \"background-color\": \"#a44e4e\"\n        }\n      }\n    }\n  }\n},\n      });\n    });\n  }\n})();\n\/*]]>*\/\n<\/script><\/center>\n<\/div>\n\n\n\n<div class=\"wp-block-column\">\n<h2 class=\"has-text-align-center\">Tienda Espa\u00f1a<\/h2>\n\n\n\n<div class=\"wp-block-image\"><figure class=\"aligncenter size-large\"><a href=\"https:\/\/tienda.sirenenature.com\/product\/leden-serum-antiedad\/\" target=\"_blank\" rel=\"noopener\"><img loading=\"lazy\" width=\"250\" height=\"46\" src=\"http:\/\/www.sirenenature.com\/es\/wp-content\/uploads\/2022\/10\/Anade-a-tu-cesta-1-e1667256243507.png\" alt=\"\" class=\"wp-image-567\"\/><\/a><\/figure><\/div>\n<\/div>\n<\/div>\n","protected":false},"excerpt":{"rendered":"<p>l&#8217;Eden: Serum antiedad, est\u00e1 formulado con ingredientes que Madre Naturaleza utiliza para proporcionar la longevidad de las c\u00e9lulas, combatir los radicales libres y detener los procesos de oxidaci\u00f3n.Su f\u00f3rmula, rica en elementos nutrientes y regeneradores,&nbsp;tales como las algas marinas y [&hellip;]<\/p>\n","protected":false},"author":1,"featured_media":0,"parent":0,"menu_order":0,"comment_status":"closed","ping_status":"closed","template":"page-templates\/page_fullwidth.php","meta":{"episode_type":"","audio_file":"","cover_image":"","cover_image_id":"","duration":"","filesize":"","date_recorded":"","explicit":"","block":"","filesize_raw":""},"_links":{"self":[{"href":"https:\/\/www.sirenenature.com\/es\/wp-json\/wp\/v2\/pages\/15"}],"collection":[{"href":"https:\/\/www.sirenenature.com\/es\/wp-json\/wp\/v2\/pages"}],"about":[{"href":"https:\/\/www.sirenenature.com\/es\/wp-json\/wp\/v2\/types\/page"}],"author":[{"embeddable":true,"href":"https:\/\/www.sirenenature.com\/es\/wp-json\/wp\/v2\/users\/1"}],"replies":[{"embeddable":true,"href":"https:\/\/www.sirenenature.com\/es\/wp-json\/wp\/v2\/comments?post=15"}],"version-history":[{"count":10,"href":"https:\/\/www.sirenenature.com\/es\/wp-json\/wp\/v2\/pages\/15\/revisions"}],"predecessor-version":[{"id":588,"href":"https:\/\/www.sirenenature.com\/es\/wp-json\/wp\/v2\/pages\/15\/revisions\/588"}],"wp:attachment":[{"href":"https:\/\/www.sirenenature.com\/es\/wp-json\/wp\/v2\/media?parent=15"}],"curies":[{"name":"wp","href":"https:\/\/api.w.org\/{rel}","templated":true}]}}