{"id":11,"date":"2017-11-08T20:25:07","date_gmt":"2017-11-08T20:25:07","guid":{"rendered":"http:\/\/www.sirenenature.com\/es\/?page_id=11"},"modified":"2022-10-27T17:48:19","modified_gmt":"2022-10-27T17:48:19","slug":"leden-antiedad","status":"publish","type":"page","link":"https:\/\/www.sirenenature.com\/es\/leden-antiedad\/","title":{"rendered":"l&#8217;Eden. Antiedad"},"content":{"rendered":"<div id=\"mapplic-id503\" data-mapdata=\"{&quot;mapwidth&quot;:&quot;550&quot;,&quot;mapheight&quot;:&quot;450&quot;,&quot;minimap&quot;:false,&quot;clearbutton&quot;:false,&quot;zoombuttons&quot;:false,&quot;sidebar&quot;:false,&quot;search&quot;:false,&quot;hovertip&quot;:false,&quot;mousewheel&quot;:false,&quot;fullscreen&quot;:false,&quot;deeplinking&quot;:false,&quot;mapfill&quot;:false,&quot;zoom&quot;:false,&quot;alphabetic&quot;:false,&quot;zoomlimit&quot;:&quot;2&quot;,&quot;action&quot;:&quot;lightbox&quot;,&quot;categories&quot;:[],&quot;levels&quot;:[{&quot;id&quot;:&quot;ledenbenefitsEn&quot;,&quot;title&quot;:&quot;leden benefits&quot;,&quot;map&quot;:&quot;http:\/\/www.sirenenature.com\/es\/wp-content\/uploads\/2022\/10\/Map-para-Website.png&quot;,&quot;minimap&quot;:&quot;&quot;,&quot;locations&quot;:[{&quot;id&quot;:&quot;cream&quot;,&quot;title&quot;:&quot;l&#039;Eden Crema Antiedad&quot;,&quot;pin&quot;:&quot;pin-ribbon pin-label&quot;,&quot;fill&quot;:&quot;#1e73be&quot;,&quot;category&quot;:&quot;false&quot;,&quot;action&quot;:&quot;default&quot;,&quot;x&quot;:&quot;0.0549&quot;,&quot;y&quot;:&quot;0.1023&quot;,&quot;label&quot;:&quot;Crema Antiedad&quot;,&quot;description&quot;:&quot;&lt;p&gt;Usar todos los d&iacute;as, tras el Serum.&lt;\/p&gt;&lt;p&gt;Aporta longevidad a las c&eacute;lulas, combate los radicales libres y frena los procesos de oxidaci&oacute;n.&lt;\/p&gt;&lt;p&gt;Su f&oacute;rmula promueve una piel de aspecto saludable y ayuda a minimizar la aparici&oacute;n de arrugas y marcas t&iacute;picas de la edad.&lt;\/p&gt;&lt;p&gt;&nbsp;&lt;\/p&gt;&quot;,&quot;link&quot;:&quot;https:\/\/www.sirenenature.com\/es\/leden-crema-antiedad\/&quot;},{&quot;id&quot;:&quot;serum&quot;,&quot;title&quot;:&quot;l&#039;Eden Serum Antiedad&quot;,&quot;pin&quot;:&quot;pin-ribbon pin-label&quot;,&quot;label&quot;:&quot;Serum Antiedad&quot;,&quot;fill&quot;:&quot;#1e73be&quot;,&quot;category&quot;:&quot;false&quot;,&quot;action&quot;:&quot;default&quot;,&quot;x&quot;:&quot;0.0685&quot;,&quot;y&quot;:&quot;0.3594&quot;,&quot;description&quot;:&quot;&lt;p&gt;Utilizar todos los d&iacute;as, antes de la Crema y despu&eacute;s de la Limpieza.&lt;\/p&gt;&lt;p&gt;Prepara la piel para recibir el resto de cremas y lociones.&lt;\/p&gt;&lt;p&gt;Con una gran concentraci&oacute;n de hialuronato de sodio, el suero penetra r&aacute;pidamente en la piel rejuveneci&eacute;ndola, haci&eacute;ndote lucir y sentirte m&aacute;s joven, radiante... hermosa.&lt;\/p&gt;&quot;,&quot;link&quot;:&quot;https:\/\/www.sirenenature.com\/es\/leden-serum-antiedad\/&quot;},{&quot;id&quot;:&quot;toner&quot;,&quot;title&quot;:&quot;l&#039;Eden Toner Antiedad&quot;,&quot;pin&quot;:&quot;pin-ribbon pin-label&quot;,&quot;label&quot;:&quot;T&oacute;ner Antiedad&quot;,&quot;fill&quot;:&quot;#1e73be&quot;,&quot;category&quot;:&quot;false&quot;,&quot;action&quot;:&quot;default&quot;,&quot;x&quot;:&quot;0.7367&quot;,&quot;y&quot;:&quot;0.0689&quot;,&quot;description&quot;:&quot;&lt;p&gt;Usado solo, para refrescar e hidratar tu piel.&lt;\/p&gt;&lt;p&gt;Rica en vitaminas y minerales protege tu piel de los agentes externos y es ideal para usar despu&eacute;s de cada limpieza o simplemente cuando necesites refrescar tu piel.&lt;\/p&gt;&quot;,&quot;link&quot;:&quot;https:\/\/www.sirenenature.com\/es\/leden-toner-antiedad\/&quot;},{&quot;id&quot;:&quot;cleansing&quot;,&quot;title&quot;:&quot;l&#039;Eden Crema Limpiadora&quot;,&quot;pin&quot;:&quot;pin-ribbon pin-label&quot;,&quot;label&quot;:&quot;Crema Limpiadora&quot;,&quot;fill&quot;:&quot;#1e73be&quot;,&quot;category&quot;:&quot;false&quot;,&quot;action&quot;:&quot;default&quot;,&quot;x&quot;:&quot;0.0588&quot;,&quot;y&quot;:&quot;0.6285&quot;,&quot;description&quot;:&quot;&lt;p&gt;Usar todos los d&iacute;as. Antes del Suero.&lt;\/p&gt;&lt;p&gt;Limpieza diaria de tu piel... antes y despu&eacute;s del protocolo de cuidado de la piel.&lt;\/p&gt;&lt;p&gt;El Q10 energiza la piel a nivel celular.&lt;\/p&gt;&lt;p&gt;&Uacute;salo todas las noches para desmaquillarte.&lt;\/p&gt;&quot;,&quot;link&quot;:&quot;https:\/\/www.sirenenature.com\/es\/crema-limpiadora\/&quot;},{&quot;id&quot;:&quot;mask&quot;,&quot;title&quot;:&quot;l&#039;Eden M&aacute;scara Rejuvenecedora&quot;,&quot;pin&quot;:&quot;pin-ribbon pin-label&quot;,&quot;label&quot;:&quot;M&aacute;scara Antiedad&quot;,&quot;fill&quot;:&quot;#1e73be&quot;,&quot;category&quot;:&quot;false&quot;,&quot;action&quot;:&quot;default&quot;,&quot;x&quot;:&quot;0.7484&quot;,&quot;y&quot;:&quot;0.3808&quot;,&quot;description&quot;:&quot;&lt;p&gt;Usar una o dos veces por semana. Limpiar al final con la Crema Limpiadora l&#039;Eden.&lt;\/p&gt;&lt;p&gt;Ayuda a eliminar la piel de impurezas no deseadas como puntos negros y puntos blancos.&lt;br \/&gt;Minimiza los poros.&lt;\/p&gt;&quot;,&quot;link&quot;:&quot;https:\/\/www.sirenenature.com\/es\/leden-mascarilla-rejuvenecedora\/&quot;},{&quot;id&quot;:&quot;exfoliating&quot;,&quot;title&quot;:&quot;l&#039;Eden Crema Exfoliante&quot;,&quot;pin&quot;:&quot;pin-ribbon pin-label&quot;,&quot;label&quot;:&quot;Crema Exfoliante&quot;,&quot;fill&quot;:&quot;#1e73be&quot;,&quot;category&quot;:&quot;false&quot;,&quot;action&quot;:&quot;default&quot;,&quot;x&quot;:&quot;0.7484&quot;,&quot;y&quot;:&quot;0.6987&quot;,&quot;description&quot;:&quot;&lt;p&gt;Se utiliza, una o dos veces por semana, para una limpieza profunda y tambi&eacute;n suave de la piel y para eliminar las c&eacute;lulas muertas de la piel.&lt;\/p&gt;&quot;,&quot;link&quot;:&quot;https:\/\/www.sirenenature.com\/es\/crema-exfoliante\/&quot;}]}],&quot;maxscale&quot;:2,&quot;zoomoutclose&quot;:true,&quot;fillcolor&quot;:&quot;&quot;,&quot;topLat&quot;:&quot;&quot;,&quot;leftLng&quot;:&quot;&quot;,&quot;bottomLat&quot;:&quot;&quot;,&quot;rightLng&quot;:&quot;&quot;}\"><\/div>\n\n\n<p style=\"text-align: center;\">Pulse en cada uno de las etiquetas de arriba para saber como usar cada producto de la l\u00ednea l&#8217;Eden y sus beneficios.<\/p>\n\n\n<figure class=\"wp-block-table\"><table><tbody><tr><td><strong>Sir\u00e8ne Nature<\/strong> se enorgullese en presentar la l\u00ednea de productos m\u00e1s incre\u00edble para combatir los efectos de la edad, los radicales libres y la oxidaci\u00f3n de la piel:&nbsp;l&#8217;Eden. Sistema Antiedad para el cuidado de la piel.<br><img loading=\"lazy\" width=\"1303\" height=\"1125\" class=\"wp-image-418\" style=\"width: 150px;\" src=\"http:\/\/www.sirenenature.com\/es\/wp-content\/uploads\/2022\/06\/LOS-6-de-lEden-June-3-2022.png\" alt=\"\" srcset=\"https:\/\/www.sirenenature.com\/es\/wp-content\/uploads\/2022\/06\/LOS-6-de-lEden-June-3-2022.png 1303w, https:\/\/www.sirenenature.com\/es\/wp-content\/uploads\/2022\/06\/LOS-6-de-lEden-June-3-2022-300x259.png 300w, https:\/\/www.sirenenature.com\/es\/wp-content\/uploads\/2022\/06\/LOS-6-de-lEden-June-3-2022-1024x884.png 1024w, https:\/\/www.sirenenature.com\/es\/wp-content\/uploads\/2022\/06\/LOS-6-de-lEden-June-3-2022-768x663.png 768w, https:\/\/www.sirenenature.com\/es\/wp-content\/uploads\/2022\/06\/LOS-6-de-lEden-June-3-2022-700x604.png 700w, https:\/\/www.sirenenature.com\/es\/wp-content\/uploads\/2022\/06\/LOS-6-de-lEden-June-3-2022-520x449.png 520w, https:\/\/www.sirenenature.com\/es\/wp-content\/uploads\/2022\/06\/LOS-6-de-lEden-June-3-2022-360x311.png 360w, https:\/\/www.sirenenature.com\/es\/wp-content\/uploads\/2022\/06\/LOS-6-de-lEden-June-3-2022-250x216.png 250w, https:\/\/www.sirenenature.com\/es\/wp-content\/uploads\/2022\/06\/LOS-6-de-lEden-June-3-2022-100x86.png 100w, https:\/\/www.sirenenature.com\/es\/wp-content\/uploads\/2022\/06\/LOS-6-de-lEden-June-3-2022-24x21.png 24w, https:\/\/www.sirenenature.com\/es\/wp-content\/uploads\/2022\/06\/LOS-6-de-lEden-June-3-2022-36x31.png 36w, https:\/\/www.sirenenature.com\/es\/wp-content\/uploads\/2022\/06\/LOS-6-de-lEden-June-3-2022-48x41.png 48w\" sizes=\"(max-width: 1303px) 100vw, 1303px\" \/><br><a href=\"http:\/\/www.sirenenature.com\/es\/leden-crema-antiedad\/\"><strong>CREMA<\/strong><\/a><br><a href=\"http:\/\/www.sirenenature.com\/es\/leden-serum-antiedad\/\"><strong>SERUM<\/strong><\/a><br><a href=\"http:\/\/www.sirenenature.com\/es\/crema-limpiadora\/\"><strong>LIMPIADORA<\/strong><\/a><br><a href=\"http:\/\/www.sirenenature.com\/es\/leden-toner-antiedad\/\"><strong>TONER<\/strong><\/a><br><a href=\"http:\/\/www.sirenenature.com\/es\/crema-exfoliante\/\"><strong>EXFOLIANTE<\/strong><\/a><\/td><td>Los frascos que contienen los productos de la l\u00ednea <strong>l&#8217;Eden Antiedad<\/strong> est\u00e1n dise\u00f1ados con un <strong>sistema de suministro sin aire<\/strong> que minimiza la oxidaci\u00f3n por exposici\u00f3n al aire y elimina la necesidad de que los usuarios coloquen directamente sus dedos en todo el producto.<br>Con tan s\u00f3lo una ligera presi\u00f3n puede dispensar una peque\u00f1a cantidad del producto en la superficie del frasco para aplicar. Es la forma m\u00e1s higi\u00e9nica y segura de acceder a un producto fresco sin preocuparse por su contaminaci\u00f3n o deterioro.<br>Debido a que el producto, una vez eyectado del interior del envase sin aire, deja de tener su protecci&#8217;on contra el aire y los agentes externos, recomendamos periodicamente limpiar el orificio de salida del producto de tarros y botes.<\/td><\/tr><\/tbody><\/table><figcaption>Pulse en cada uno de las etiquetas de arriba para saber como usar cada producto de la l\u00ednea l&#8217;Eden y sus beneficios<\/figcaption><\/figure>\n","protected":false},"excerpt":{"rendered":"<p>Pulse en cada uno de las etiquetas de arriba para saber como usar cada producto de la l\u00ednea l&#8217;Eden y sus beneficios. Sir\u00e8ne Nature se enorgullese en presentar la l\u00ednea de productos m\u00e1s incre\u00edble para combatir los efectos de la [&hellip;]<\/p>\n","protected":false},"author":1,"featured_media":0,"parent":0,"menu_order":0,"comment_status":"closed","ping_status":"closed","template":"page-templates\/page_fullwidth.php","meta":{"episode_type":"","audio_file":"","cover_image":"","cover_image_id":"","duration":"","filesize":"","date_recorded":"","explicit":"","block":"","filesize_raw":""},"_links":{"self":[{"href":"https:\/\/www.sirenenature.com\/es\/wp-json\/wp\/v2\/pages\/11"}],"collection":[{"href":"https:\/\/www.sirenenature.com\/es\/wp-json\/wp\/v2\/pages"}],"about":[{"href":"https:\/\/www.sirenenature.com\/es\/wp-json\/wp\/v2\/types\/page"}],"author":[{"embeddable":true,"href":"https:\/\/www.sirenenature.com\/es\/wp-json\/wp\/v2\/users\/1"}],"replies":[{"embeddable":true,"href":"https:\/\/www.sirenenature.com\/es\/wp-json\/wp\/v2\/comments?post=11"}],"version-history":[{"count":10,"href":"https:\/\/www.sirenenature.com\/es\/wp-json\/wp\/v2\/pages\/11\/revisions"}],"predecessor-version":[{"id":517,"href":"https:\/\/www.sirenenature.com\/es\/wp-json\/wp\/v2\/pages\/11\/revisions\/517"}],"wp:attachment":[{"href":"https:\/\/www.sirenenature.com\/es\/wp-json\/wp\/v2\/media?parent=11"}],"curies":[{"name":"wp","href":"https:\/\/api.w.org\/{rel}","templated":true}]}}